{"id":24790,"date":"2026-04-28T18:04:08","date_gmt":"2026-04-28T16:04:08","guid":{"rendered":"https:\/\/limage-et-le-livre.com\/non class\u00e9\/portait-delisabeth-i-ere-dangleterre\/"},"modified":"2026-04-28T18:28:51","modified_gmt":"2026-04-28T16:28:51","slug":"portait-delisabeth-i-ere-dangleterre","status":"publish","type":"product","link":"https:\/\/limage-et-le-livre.com\/en\/dessins-et-aquarelles\/portraits\/portait-delisabeth-i-ere-dangleterre\/","title":{"rendered":"Portait d&#8217;Elisabeth I \u00e8re d&#8217;Angleterre"},"content":{"rendered":"<p>Remigius Hogenberg<\/p>\n<p>Elisabeth d&#8217;Angleterre, de France et d&#8217;Irlande par la gr\u00e2ce de Dieu.<\/p>\n<p>Circa 1575.<\/p>\n<p>Gravure sur cuivre.<\/p>\n<p>Dimension au coup de planche: 30,5 x 19,7 cm<br \/>\nDimension du feuillet: 36,3 x 27 cm<\/p>\n<p>Filigrane \u00e0 la Dame de jeu d&#8217;\u00e9chec.<br \/>\nSignature dans la plaque: &#8220;Remigius Hogenbergius fecit&#8221;.<\/p>\n<p>L\u00e9gers manques dans la marge inf\u00e9rieure gauche et sup\u00e9rieure.<br \/>\nQuelques oxydations et salissures dans les marges.<\/p>\n<p>Grand portrait par Remigius Hogenberg (Malines 1535, Angleterre 1588), fr\u00e8re de Franz Hogenberg.<br \/>\nUn exemplaire de celui-ci est conserv\u00e9 au British Mus\u00e9um.<br \/>\nGraveur flamand, r\u00e9fugi\u00e9 en Angleterre vers 1570.<br \/>\nOn connait plusieurs portraits r\u00e9alis\u00e9s par Hogenberg, mais souvent de petits formats.<\/p>\n<p>Bibliographie:<br \/>\nMichael Fleming, PQ XXXI 2014 p.177\n<\/p>\n<p><small>Le prix du port est calcule selon la destination et le poids du colis.<\/small><\/p>\n","protected":false},"excerpt":{"rendered":"<p>Grand portrait officiel d&#8217;Elisabeth I \u00e8re.<br \/>\nGravure sur cuivre cira 1575<br \/>\nRare dans sa dimension chez Remigius Hogenberg.<\/p>\n","protected":false},"featured_media":24780,"template":"","meta":[],"product_brand":[],"product_cat":[5158,10342],"product_tag":[10524,10525,10526,10527],"class_list":{"0":"post-24790","1":"product","2":"type-product","3":"status-publish","4":"has-post-thumbnail","6":"product_cat-gravures-et-estampes","7":"product_cat-portraits","8":"product_tag-angle","9":"product_tag-elisabeth-i-ere","10":"product_tag-hogenberg","11":"product_tag-remigius-hogenberg","12":"pa_langue-latin","14":"first","15":"outofstock","16":"shipping-taxable","17":"purchasable","18":"product-type-simple"},"_links":{"self":[{"href":"https:\/\/limage-et-le-livre.com\/en\/wp-json\/wp\/v2\/product\/24790","targetHints":{"allow":["GET"]}}],"collection":[{"href":"https:\/\/limage-et-le-livre.com\/en\/wp-json\/wp\/v2\/product"}],"about":[{"href":"https:\/\/limage-et-le-livre.com\/en\/wp-json\/wp\/v2\/types\/product"}],"version-history":[{"count":0,"href":"https:\/\/limage-et-le-livre.com\/en\/wp-json\/wp\/v2\/product\/24790\/revisions"}],"wp:featuredmedia":[{"embeddable":true,"href":"https:\/\/limage-et-le-livre.com\/en\/wp-json\/wp\/v2\/media\/24780"}],"wp:attachment":[{"href":"https:\/\/limage-et-le-livre.com\/en\/wp-json\/wp\/v2\/media?parent=24790"}],"wp:term":[{"taxonomy":"product_brand","embeddable":true,"href":"https:\/\/limage-et-le-livre.com\/en\/wp-json\/wp\/v2\/product_brand?post=24790"},{"taxonomy":"product_cat","embeddable":true,"href":"https:\/\/limage-et-le-livre.com\/en\/wp-json\/wp\/v2\/product_cat?post=24790"},{"taxonomy":"product_tag","embeddable":true,"href":"https:\/\/limage-et-le-livre.com\/en\/wp-json\/wp\/v2\/product_tag?post=24790"}],"curies":[{"name":"wp","href":"https:\/\/api.w.org\/{rel}","templated":true}]}}