{"id":24965,"date":"2026-05-07T11:28:25","date_gmt":"2026-05-07T09:28:25","guid":{"rendered":"https:\/\/limage-et-le-livre.com\/non%20class\u00e9\/memoire-dalexandre-magnus-dobenheim\/"},"modified":"2026-05-07T12:04:07","modified_gmt":"2026-05-07T10:04:07","slug":"memoire-dalexandre-magnus-dobenheim","status":"publish","type":"product","link":"https:\/\/limage-et-le-livre.com\/en\/books\/history\/memoire-dalexandre-magnus-dobenheim\/","title":{"rendered":"M\u00e9moire d&#8217;Alexandre Magnus d&#8217;Obenheim"},"content":{"rendered":"<p><strong>Strasbourg, Levrault, 1815<\/strong><\/p>\n<p>in-12<\/p>\n<p>M\u00e9moire concernant des faits particuliers \u00e0 l&#8217;auteur, et des consid\u00e9rations g\u00e9n\u00e9rale, analogues aux circonstances; par A. M. d&#8217;Obenheim, actuellement Professeur de Math\u00e9matiques \u00e0 l&#8217;Ecole d&#8217;Artillerie de Strasbourg.<br \/>\nSuppl\u00e9ment au m\u00e9moire de M. D&#8217;Obenheim.<\/p>\n<p>Alexandre Magnus d&#8217;Obenheim (1753 Revel, 1840 Strasbourg).<\/p>\n<p>in-12, 20,5 x 13 cm. Plat cartonn\u00e9s et dos cuir \u00e0 faux nerfs et pi\u00e8ce de titre. Coins inf\u00e9rieurs l\u00e9g\u00e8rement frott\u00e9s. Quelques rousseurs sans gravit\u00e9 dans l&#8217;ouvrage.<\/p>\n<p>Ce m\u00e9moire est le t\u00e9moignage de la vie d&#8217;un officier fran\u00e7ais d&#8217;origine saxonne, issu d&#8217;une famille protestante, puis catholique, dans les p\u00e9riodes mouvement\u00e9es des alternances de R\u00e9gimes politiques entre les milieux des 18\u00e8me et 19\u00e8me si\u00e8cle.<br \/>\nIl illustre la difficult\u00e9 de ces temps, entre des p\u00e9riodes de bonnes et tr\u00e8s mauvaises fortunes.<\/p>\n<p>L&#8217;auteur \u00e9tait officier, loyaliste, a particip\u00e9 aux fortifications de Cherbourg, \u00e9l\u00e8ve de l&#8217;Ecole du G\u00e9nie militaire de M\u00e9zi\u00e8res, il a ensuite \u00e9t\u00e9 professeur \u00e0 Polytechnique, \u00e0 l&#8217;Ecole du G\u00e9nie \u00e0 Metz, puis \u00e0 l&#8217;Ecole d&#8217;artillerie de Strasbourg.<br \/>\nUne bibliographie synth\u00e9tique est disponible suivant le lien ci-dessous.<br \/>\nhttps:\/\/we.ahp-numerique.fr\/s\/mathsinmetz\/item\/1247#lg=1&amp;slide=0<\/p>\n<p><small>Le prix du port est calcule selon la destination et le poids du colis.<\/small><\/p>\n","protected":false},"excerpt":{"rendered":"<p>T\u00e9moignage de la vie d&#8217;un officier fran\u00e7ais d&#8217;origine saxonne, issu d&#8217;une famille protestante, puis catholique, dans les p\u00e9riodes mouvement\u00e9es des alternances de R\u00e9gimes politiques entre les milieux des 18\u00e8me et 19\u00e8me si\u00e8cle.<\/p>\n","protected":false},"featured_media":24979,"template":"","meta":[],"product_brand":[],"product_cat":[5128,5114,10537],"product_tag":[870,687,9549,857,10539,10538,2350],"class_list":{"0":"post-24965","1":"product","2":"type-product","3":"status-publish","4":"has-post-thumbnail","6":"product_cat-histoire","7":"product_cat-livres","8":"product_cat-militaire","9":"product_tag-alsatique","10":"product_tag-ancien-regime","11":"product_tag-genie-militaire","12":"product_tag-memoires","13":"product_tag-obenheim","14":"product_tag-officier","15":"product_tag-strasbourg","16":"pa_annee-de-publication-3229","17":"pa_dimension-in-12-2","18":"pa_editeur-levrault","19":"pa_etat-de-conservation-bon","20":"pa_langue-francais","21":"pa_lieu-de-publication-strasbourg","23":"first","24":"instock","25":"shipping-taxable","26":"purchasable","27":"product-type-simple"},"_links":{"self":[{"href":"https:\/\/limage-et-le-livre.com\/en\/wp-json\/wp\/v2\/product\/24965","targetHints":{"allow":["GET"]}}],"collection":[{"href":"https:\/\/limage-et-le-livre.com\/en\/wp-json\/wp\/v2\/product"}],"about":[{"href":"https:\/\/limage-et-le-livre.com\/en\/wp-json\/wp\/v2\/types\/product"}],"version-history":[{"count":1,"href":"https:\/\/limage-et-le-livre.com\/en\/wp-json\/wp\/v2\/product\/24965\/revisions"}],"predecessor-version":[{"id":24978,"href":"https:\/\/limage-et-le-livre.com\/en\/wp-json\/wp\/v2\/product\/24965\/revisions\/24978"}],"wp:featuredmedia":[{"embeddable":true,"href":"https:\/\/limage-et-le-livre.com\/en\/wp-json\/wp\/v2\/media\/24979"}],"wp:attachment":[{"href":"https:\/\/limage-et-le-livre.com\/en\/wp-json\/wp\/v2\/media?parent=24965"}],"wp:term":[{"taxonomy":"product_brand","embeddable":true,"href":"https:\/\/limage-et-le-livre.com\/en\/wp-json\/wp\/v2\/product_brand?post=24965"},{"taxonomy":"product_cat","embeddable":true,"href":"https:\/\/limage-et-le-livre.com\/en\/wp-json\/wp\/v2\/product_cat?post=24965"},{"taxonomy":"product_tag","embeddable":true,"href":"https:\/\/limage-et-le-livre.com\/en\/wp-json\/wp\/v2\/product_tag?post=24965"}],"curies":[{"name":"wp","href":"https:\/\/api.w.org\/{rel}","templated":true}]}}