{"id":24995,"date":"2026-05-07T12:18:31","date_gmt":"2026-05-07T10:18:31","guid":{"rendered":"https:\/\/limage-et-le-livre.com\/non%20class\u00e9\/thorough-bred-mare-and-foal\/"},"modified":"2026-05-09T15:52:31","modified_gmt":"2026-05-09T13:52:31","slug":"thorough-bred-mare-and-foal","status":"publish","type":"product","link":"https:\/\/limage-et-le-livre.com\/en\/gravures-et-estampes\/scenes-genre\/thorough-bred-mare-and-foal\/","title":{"rendered":"Thorough Bred Mare and Foal"},"content":{"rendered":"<p><strong>Londres, 1855<\/strong><\/p>\n<p>HERRING (John Frederick), d\u2019apr\u00e8s \u2014 FORES, \u00e9diteur<br \/>\nGrav\u00e9 par  J. Harris et W. Summers.<\/p>\n<p>Thorough Bred Mare and Foal.<br \/>\nLondres, 1855.<br \/>\nGravure anglaise en couleurs (aquatinte rehauss\u00e9e \u00e0 la main) repr\u00e9sentant une jument pur-sang et son poulain dans la campagne. D\u2019apr\u00e8s une composition de John Frederick Herring Sr., peintre anglais renomm\u00e9 pour ses sc\u00e8nes hippiques et animali\u00e8res.<br \/>\nBon \u00e9tat, sans rousseurs et grandes marges.<br \/>\nDimensions au coup de planche : 38 x 34 cm.<br \/>\nDimension du feuillet: 43 x 54 cm<\/p>\n<p><small>Le prix du port est calcule selon la destination et le poids du colis.<\/small><\/p>\n","protected":false},"excerpt":{"rendered":"<p>Thorough Bred Mare and Foal.<br \/>\nLondres, 1855.<br \/>\nGravure en couleurs (aquatinte rehauss\u00e9e \u00e0 la main) repr\u00e9sentant une jument pur-sang et son poulain dans la campagne anglaise.<\/p>\n","protected":false},"featured_media":25044,"template":"","meta":[],"product_brand":[],"product_cat":[5158,10465,10541],"product_tag":[1297,5593],"class_list":{"0":"post-24995","1":"product","2":"type-product","3":"status-publish","4":"has-post-thumbnail","6":"product_cat-gravures-et-estampes","7":"product_cat-scenes-genre","8":"product_cat-zoologie","9":"product_tag-angleterre","10":"product_tag-chevaux","11":"pa_annee-de-publication-464","12":"pa_etat-de-conservation-tres-bon","13":"pa_langue-anglais","14":"pa_lieu-de-publication-londres","16":"first","17":"instock","18":"shipping-taxable","19":"purchasable","20":"product-type-simple"},"_links":{"self":[{"href":"https:\/\/limage-et-le-livre.com\/en\/wp-json\/wp\/v2\/product\/24995","targetHints":{"allow":["GET"]}}],"collection":[{"href":"https:\/\/limage-et-le-livre.com\/en\/wp-json\/wp\/v2\/product"}],"about":[{"href":"https:\/\/limage-et-le-livre.com\/en\/wp-json\/wp\/v2\/types\/product"}],"version-history":[{"count":2,"href":"https:\/\/limage-et-le-livre.com\/en\/wp-json\/wp\/v2\/product\/24995\/revisions"}],"predecessor-version":[{"id":25048,"href":"https:\/\/limage-et-le-livre.com\/en\/wp-json\/wp\/v2\/product\/24995\/revisions\/25048"}],"wp:featuredmedia":[{"embeddable":true,"href":"https:\/\/limage-et-le-livre.com\/en\/wp-json\/wp\/v2\/media\/25044"}],"wp:attachment":[{"href":"https:\/\/limage-et-le-livre.com\/en\/wp-json\/wp\/v2\/media?parent=24995"}],"wp:term":[{"taxonomy":"product_brand","embeddable":true,"href":"https:\/\/limage-et-le-livre.com\/en\/wp-json\/wp\/v2\/product_brand?post=24995"},{"taxonomy":"product_cat","embeddable":true,"href":"https:\/\/limage-et-le-livre.com\/en\/wp-json\/wp\/v2\/product_cat?post=24995"},{"taxonomy":"product_tag","embeddable":true,"href":"https:\/\/limage-et-le-livre.com\/en\/wp-json\/wp\/v2\/product_tag?post=24995"}],"curies":[{"name":"wp","href":"https:\/\/api.w.org\/{rel}","templated":true}]}}