{"id":25068,"date":"2026-05-11T11:17:11","date_gmt":"2026-05-11T09:17:11","guid":{"rendered":"https:\/\/limage-et-le-livre.com\/non class\u00e9\/silhouettes-la-pipe-matinale\/"},"modified":"2026-05-11T11:17:11","modified_gmt":"2026-05-11T09:17:11","slug":"silhouettes-la-pipe-matinale","status":"publish","type":"product","link":"https:\/\/limage-et-le-livre.com\/en\/dessins-et-aquarelles\/caricatures\/silhouettes-la-pipe-matinale\/","title":{"rendered":"SILHOUETTES &#8211; La pipe matinale"},"content":{"rendered":"<p>La pipe matinale.<br \/>\n&#8220;Le Tabac de caporal fait maintenant partie int\u00e9grale de ce que les<br \/>\npo\u00ebtes appellent les suaves parfums du matin; et gr\u00e2ce aux<br \/>\nbouff\u00e9es que lui envoyent de toutes parts les fumeurs, l&#8217;aurore,<br \/>\njadis au teint de rose, doit \u00eatre bien pr\u00e8s d&#8217;\u00eatre culott\u00e9e.&#8221;<\/p>\n<p>Planche 6 de la suite intitul\u00e9e Les Silhouettes.<br \/>\nLithographie originale<br \/>\nDimensions: 33,3 x 24,9 cm. Grandes marges et excellent \u00e9tat.<br \/>\nBelle \u00e9preuve sur blanc, du deuxi\u00e8me \u00e9tat (sur 3), avec la lettre et l&#8217;adresse d&#8217;Aubert.<br \/>\nR\u00e9f\u00e9rence : Delteil 855<br \/>\nHonor\u00e9 DAUMIER (1808 &#8211; 1879).<\/p>\n<p>SILHOUETTES est une s\u00e9rie de 8 lithographies num\u00e9rot\u00e9es, publi\u00e9es entre le 4 octobre 1840 et le 5 mai 1841 : trois d\u2019entre elles (n. 1, 5 et 7) dans La Caricature et cinq (n. 2, 3, 4, 6 et 8) dans Le Charivari.<\/p>\n<p><small>Le prix du port est calcule selon la destination et le poids du colis.<\/small><\/p>\n","protected":false},"excerpt":{"rendered":"<p>DAUMIER<br \/>\nLa pipe matinale &#8211; Les Silhouettes.<br \/>\nLithographie originale 1841.<\/p>\n","protected":false},"featured_media":25066,"template":"","meta":[],"product_brand":[],"product_cat":[10466,5158],"product_tag":[936,10546],"class_list":{"0":"post-25068","1":"product","2":"type-product","3":"status-publish","4":"has-post-thumbnail","6":"product_cat-caricatures","7":"product_cat-gravures-et-estampes","8":"product_tag-daumier","9":"product_tag-silhouettes","10":"pa_etat-de-conservation-tres-bon","11":"pa_langue-francais","13":"first","14":"instock","15":"shipping-taxable","16":"purchasable","17":"product-type-simple"},"_links":{"self":[{"href":"https:\/\/limage-et-le-livre.com\/en\/wp-json\/wp\/v2\/product\/25068","targetHints":{"allow":["GET"]}}],"collection":[{"href":"https:\/\/limage-et-le-livre.com\/en\/wp-json\/wp\/v2\/product"}],"about":[{"href":"https:\/\/limage-et-le-livre.com\/en\/wp-json\/wp\/v2\/types\/product"}],"version-history":[{"count":0,"href":"https:\/\/limage-et-le-livre.com\/en\/wp-json\/wp\/v2\/product\/25068\/revisions"}],"wp:featuredmedia":[{"embeddable":true,"href":"https:\/\/limage-et-le-livre.com\/en\/wp-json\/wp\/v2\/media\/25066"}],"wp:attachment":[{"href":"https:\/\/limage-et-le-livre.com\/en\/wp-json\/wp\/v2\/media?parent=25068"}],"wp:term":[{"taxonomy":"product_brand","embeddable":true,"href":"https:\/\/limage-et-le-livre.com\/en\/wp-json\/wp\/v2\/product_brand?post=25068"},{"taxonomy":"product_cat","embeddable":true,"href":"https:\/\/limage-et-le-livre.com\/en\/wp-json\/wp\/v2\/product_cat?post=25068"},{"taxonomy":"product_tag","embeddable":true,"href":"https:\/\/limage-et-le-livre.com\/en\/wp-json\/wp\/v2\/product_tag?post=25068"}],"curies":[{"name":"wp","href":"https:\/\/api.w.org\/{rel}","templated":true}]}}