{"id":25081,"date":"2026-05-11T11:58:01","date_gmt":"2026-05-11T09:58:01","guid":{"rendered":"https:\/\/limage-et-le-livre.com\/non%20class\u00e9\/chants-du-hoggar\/"},"modified":"2026-05-11T11:59:02","modified_gmt":"2026-05-11T09:59:02","slug":"chants-du-hoggar","status":"publish","type":"product","link":"https:\/\/limage-et-le-livre.com\/en\/books\/literature\/chants-du-hoggar\/","title":{"rendered":"Chants du Hoggar"},"content":{"rendered":"<p><strong>Piazza, 1924<\/strong><\/p>\n<p>Chants du Hoggar,<\/p>\n<p>Paris, Piazza (coll. &#8220;Ex Oriente Lux&#8221;), 1924.<\/p>\n<p>Petit in-12, XXI-165pp. <\/p>\n<p>Bel exemplaire. Reliure pleine basane bleue avec un d\u00e9cor d&#8217;arabesques \u00e0 froid sur les plats. couverture conserv\u00e9e.<br \/>\nDos \u00e0 4 nerfs, l\u00e9g\u00e8rement insol\u00e9.<br \/>\nFrontispice de M. Ackein.<br \/>\nImpression avec encadrement typographique en couleur \u00e0 chaque page, lettrines et ornementations. <\/p>\n<p>L\u2019ouvrage rassemble des textes po\u00e9tiques et narratifs qui se pr\u00e9sentent comme des chants traditionnels, des l\u00e9gendes et des r\u00e9cits du d\u00e9sert. L\u2019auteur d\u00e9crit un univers saharien marqu\u00e9 par la solitude, l\u2019immensit\u00e9, la spiritualit\u00e9 et la duret\u00e9 de la vie nomade.<\/p>\n<p><small>Le prix du port est calcule selon la destination et le poids du colis.<\/small><\/p>\n","protected":false},"excerpt":{"rendered":"<p>Edition d&#8217;art Piazza<\/p>\n<p>L\u2019ouvrage rassemble des textes po\u00e9tiques et narratifs qui se pr\u00e9sentent comme des chants traditionnels, des l\u00e9gendes et des r\u00e9cits du d\u00e9sert. <\/p>\n","protected":false},"featured_media":25082,"template":"","meta":[],"product_brand":[],"product_cat":[5123,5114,10364,5139,5134,10422],"product_tag":[10548,10550,10549],"class_list":{"0":"post-25081","1":"product","2":"type-product","3":"status-publish","4":"has-post-thumbnail","6":"product_cat-litterature","7":"product_cat-livres","8":"product_cat-philosophie","9":"product_cat-poesie","10":"product_cat-religion","11":"product_cat-voyages","12":"product_tag-hogaar","13":"product_tag-sahara","14":"product_tag-touaregues","15":"pa_annee-de-publication-3423","16":"pa_editeur-piazza","17":"pa_etat-de-conservation-bon","18":"pa_illustrateur-m-ackein","19":"pa_langue-francais","21":"first","22":"instock","23":"shipping-taxable","24":"purchasable","25":"product-type-simple"},"_links":{"self":[{"href":"https:\/\/limage-et-le-livre.com\/en\/wp-json\/wp\/v2\/product\/25081","targetHints":{"allow":["GET"]}}],"collection":[{"href":"https:\/\/limage-et-le-livre.com\/en\/wp-json\/wp\/v2\/product"}],"about":[{"href":"https:\/\/limage-et-le-livre.com\/en\/wp-json\/wp\/v2\/types\/product"}],"version-history":[{"count":1,"href":"https:\/\/limage-et-le-livre.com\/en\/wp-json\/wp\/v2\/product\/25081\/revisions"}],"predecessor-version":[{"id":25094,"href":"https:\/\/limage-et-le-livre.com\/en\/wp-json\/wp\/v2\/product\/25081\/revisions\/25094"}],"wp:featuredmedia":[{"embeddable":true,"href":"https:\/\/limage-et-le-livre.com\/en\/wp-json\/wp\/v2\/media\/25082"}],"wp:attachment":[{"href":"https:\/\/limage-et-le-livre.com\/en\/wp-json\/wp\/v2\/media?parent=25081"}],"wp:term":[{"taxonomy":"product_brand","embeddable":true,"href":"https:\/\/limage-et-le-livre.com\/en\/wp-json\/wp\/v2\/product_brand?post=25081"},{"taxonomy":"product_cat","embeddable":true,"href":"https:\/\/limage-et-le-livre.com\/en\/wp-json\/wp\/v2\/product_cat?post=25081"},{"taxonomy":"product_tag","embeddable":true,"href":"https:\/\/limage-et-le-livre.com\/en\/wp-json\/wp\/v2\/product_tag?post=25081"}],"curies":[{"name":"wp","href":"https:\/\/api.w.org\/{rel}","templated":true}]}}