{"id":25105,"date":"2026-05-11T14:39:35","date_gmt":"2026-05-11T12:39:35","guid":{"rendered":"https:\/\/limage-et-le-livre.com\/non%20class\u00e9\/commentaire-sur-lordonnance-des-eaux-et-forets-du-mois-daout-1669\/"},"modified":"2026-05-11T14:40:05","modified_gmt":"2026-05-11T12:40:05","slug":"commentaire-sur-lordonnance-des-eaux-et-forets-du-mois-daout-1669","status":"publish","type":"product","link":"https:\/\/limage-et-le-livre.com\/en\/livres\/chasse-peche\/commentaire-sur-lordonnance-des-eaux-et-forets-du-mois-daout-1669\/","title":{"rendered":"Commentaire sur l&#8217;Ordonnance des Eaux et..."},"content":{"rendered":"<p><strong>Paris, Debure, P\u00e8re, 1777<\/strong><\/p>\n<p>in-8<\/p>\n<p>Commentaire sur l&#8217;Ordonnance des Eaux et For\u00eats, du mois d&#8217;Ao\u00fbt 1669<\/p>\n<p>Daniel JOUSSE (1704-1781), paru anonymement.<\/p>\n<p>in 12, 17 x 10,5 cm.  415 pp. Reliure plein veau. Dos \u00e0 nerfs, cloisonn\u00e9 \u00e0 fleurons, et pi\u00e8ce de titre brune. Tranches rouge.L\u00e9g\u00e8res \u00e9pidermes sur les plats, petit travail de vers dans la coiffe inf\u00e9rieure. Int\u00e9rieur tr\u00e8s frais.<br \/>\nEx libris du juge Maigne-Sauzinet \u00e8 Riom dans le Puy-de-D\u00f4me.<\/p>\n<p>Daniel Jousse \u00e9tait un  juriste et magistrat fran\u00e7ais, surtout connu pour ses commentaires d\u00e9taill\u00e9s des grandes ordonnances royales de l\u2019Ancien R\u00e9gime. Il exer\u00e7ait notamment comme juge \u00e0 Orl\u00e9ans.<br \/>\nSon Commentaire sur l\u2019Ordonnance des Eaux et For\u00eats du mois d\u2019ao\u00fbt 1669 est consid\u00e9r\u00e9 comme l\u2019un des grands trait\u00e9s pratiques du droit forestier ancien. Il explique et interpr\u00e8te l\u2019ordonnance promulgu\u00e9e sous Jean-Baptiste Colbert pendant le r\u00e8gne de Louis XIV.<\/p>\n<p><small>Le prix du port est calcule selon la destination et le poids du colis.<\/small><\/p>\n","protected":false},"excerpt":{"rendered":"<p>Ce commentaire sur l\u2019Ordonnance des Eaux et For\u00eats du mois d\u2019ao\u00fbt 1669 est consid\u00e9r\u00e9 comme l\u2019un des grands trait\u00e9s pratiques du droit forestier ancien. Il explique et interpr\u00e8te l\u2019ordonnance promulgu\u00e9e sous Jean-Baptiste Colbert.<\/p>\n","protected":false},"featured_media":25106,"template":"","meta":[],"product_brand":[],"product_cat":[10483,5144,5114],"product_tag":[10555,8486,10554],"class_list":{"0":"post-25105","1":"product","2":"type-product","3":"status-publish","4":"has-post-thumbnail","6":"product_cat-chasse-peche","7":"product_cat-droit","8":"product_cat-livres","9":"product_tag-colbert","10":"product_tag-eaux-et-forets","11":"product_tag-jousse","12":"pa_annee-de-publication-3987","13":"pa_dimension-in-8-2","14":"pa_editeur-debure-pere","15":"pa_etat-de-conservation-bon","16":"pa_langue-francais","17":"pa_lieu-de-publication-paris","19":"first","20":"instock","21":"shipping-taxable","22":"purchasable","23":"product-type-simple"},"_links":{"self":[{"href":"https:\/\/limage-et-le-livre.com\/en\/wp-json\/wp\/v2\/product\/25105","targetHints":{"allow":["GET"]}}],"collection":[{"href":"https:\/\/limage-et-le-livre.com\/en\/wp-json\/wp\/v2\/product"}],"about":[{"href":"https:\/\/limage-et-le-livre.com\/en\/wp-json\/wp\/v2\/types\/product"}],"version-history":[{"count":1,"href":"https:\/\/limage-et-le-livre.com\/en\/wp-json\/wp\/v2\/product\/25105\/revisions"}],"predecessor-version":[{"id":25116,"href":"https:\/\/limage-et-le-livre.com\/en\/wp-json\/wp\/v2\/product\/25105\/revisions\/25116"}],"wp:featuredmedia":[{"embeddable":true,"href":"https:\/\/limage-et-le-livre.com\/en\/wp-json\/wp\/v2\/media\/25106"}],"wp:attachment":[{"href":"https:\/\/limage-et-le-livre.com\/en\/wp-json\/wp\/v2\/media?parent=25105"}],"wp:term":[{"taxonomy":"product_brand","embeddable":true,"href":"https:\/\/limage-et-le-livre.com\/en\/wp-json\/wp\/v2\/product_brand?post=25105"},{"taxonomy":"product_cat","embeddable":true,"href":"https:\/\/limage-et-le-livre.com\/en\/wp-json\/wp\/v2\/product_cat?post=25105"},{"taxonomy":"product_tag","embeddable":true,"href":"https:\/\/limage-et-le-livre.com\/en\/wp-json\/wp\/v2\/product_tag?post=25105"}],"curies":[{"name":"wp","href":"https:\/\/api.w.org\/{rel}","templated":true}]}}