{"id":25149,"date":"2026-05-11T18:30:37","date_gmt":"2026-05-11T16:30:37","guid":{"rendered":"https:\/\/limage-et-le-livre.com\/non%20class\u00e9\/deux-ouvrages-relation-de-lempire-de-maroc-et-la-vie-et-les-actions-dalexandre-le-grand\/"},"modified":"2026-05-12T10:07:45","modified_gmt":"2026-05-12T08:07:45","slug":"deux-ouvrages-relation-de-lempire-de-maroc-et-la-vie-et-les-actions-dalexandre-le-grand","status":"publish","type":"product","link":"https:\/\/limage-et-le-livre.com\/en\/prints-and-engravings\/prints\/geography\/deux-ouvrages-relation-de-lempire-de-maroc-et-la-vie-et-les-actions-dalexandre-le-grand\/","title":{"rendered":"Deux ouvrages : Relation de l&#8217;empire..."},"content":{"rendered":"<p>Deux ouvrages dans une m\u00eame reliure.<br \/>\nIn-12, reliure d\u00e9but 18 \u00e8me, plein veau, dos \u00e0 5 nerfs, fleurons et pi\u00e8ce de titre. craquelures au dos et aux mors, l\u00e9g\u00e8res \u00e9pidermures sur les plats. Reliure solide. Int\u00e9rieur frais. Tr\u00e8s bel ensemble.<\/p>\n<p>1 &#8211;  Relation de l&#8217;empire de MAROC ou l&#8217;on voit la situation du pays, les moeurs, coutumes, gouvernement, religion et politique des habitants. <\/p>\n<p>Francois PIDOU DE SAINT OLON (1640 ou 1646 &#8211; 1720)<\/p>\n<p>Imprim\u00e9 \u00e0 Paris, chez la veuve Marbre Cramoisy, 1695.<br \/>\n8 ff, 224 pp + tables.<br \/>\nComplet du frontispice, des 8 gravures de costumes et du plan de la ville de Larrache.<br \/>\nEn 1689 Fran\u00e7ois Pidou est nomm\u00e9 ambassadeur \u00e0 la cour du Sultan du Maroc en vue de la signature d&#8217;un trait\u00e9 commercial et pour pouvoir lib\u00e9rer les prisonniers des corsaires de Sal\u00e9.<\/p>\n<p>ET<\/p>\n<p>De la vie et des actions d&#8217;Alexandre Le Grand.<br \/>\nDe la traduction de Monsieur de Vaugelas.<br \/>\nDerni\u00e8re Edition, divis\u00e9e en deux volumes, sur une nouvelle copie de l&#8217;Auteur, qui a \u00e9t\u00e9 trouv\u00e9e depuis la premi\u00e8re et la seconde impression.<br \/>\nAvec les Suppl\u00e9mens de Jean Freinshemius sur Quinte-Curce.<br \/>\nTraduits par feu Monsieur DU RYER.<br \/>\nEn latin et en Fran\u00e7ois.<\/p>\n<p>Tome 1: 1 ff. Note \u00e0 l&#8217;Acad\u00e9mie Fran\u00e7aise, 5 ff. Pr\u00e9face, 4 ff. Jugement de Quinte-Curce par Monsieur de la Motte le Bayer, 532 pp., 18 ff. Table des mati\u00e8res.<br \/>\nTome 2: 4 ff page de titre tome second et table des sommaires,442 pp, 12 ff Table des mati\u00e8res et privil\u00e8ge du Roy.<\/p>\n<p>QUITE CURCE <\/p>\n<p>Imprim\u00e9 \u00e0 Lille chez Danel, 1712<\/p>\n<p>Cette \u0153uvre retrace les conqu\u00eates, les victoires et la destin\u00e9e d\u2019Alexandre le Grand \u00e0 travers le r\u00e9cit de Quinte-Curce, l\u2019un des principaux auteurs antiques consacr\u00e9s au conqu\u00e9rant mac\u00e9donien.<br \/>\nCette \u00e9dition est particuli\u00e8rement recherch\u00e9e pour la qualit\u00e9 de la traduction fran\u00e7aise de Claude Favre de Vaugelas, c\u00e9l\u00e8bre pour l\u2019\u00e9l\u00e9gance de sa langue, ainsi que pour ses suppl\u00e9ments \u00e9rudits qui compl\u00e8tent les parties perdues du texte original.<\/p>\n<p><small>Le prix du port est calcule selon la destination et le poids du colis.<\/small><\/p>\n","protected":false},"excerpt":{"rendered":"<p>Deux ouvrages dans une m\u00eame reliure.<br \/>\nEnsemble rare.<\/p>\n<p>Relations de l&#8217;Empire de Maroc, 1695.<\/p>\n<p>Vie et action d&#8217;Alexandre le Grand, 1712.<\/p>\n","protected":false},"featured_media":25150,"template":"","meta":[],"product_brand":[],"product_cat":[5194,5128,5114],"product_tag":[10558,10559,9137,9748,10560],"class_list":{"0":"post-25149","1":"product","2":"type-product","3":"status-publish","4":"has-post-thumbnail","6":"product_cat-geographie","7":"product_cat-histoire","8":"product_cat-livres","9":"product_tag-alexandre-le-grand","10":"product_tag-ambassade","11":"product_tag-diplomatie","12":"product_tag-maroc","13":"product_tag-quinte-curce","14":"pa_etat-de-conservation-bon","15":"pa_langue-francais-latin","17":"first","18":"instock","19":"shipping-taxable","20":"purchasable","21":"product-type-simple"},"_links":{"self":[{"href":"https:\/\/limage-et-le-livre.com\/en\/wp-json\/wp\/v2\/product\/25149","targetHints":{"allow":["GET"]}}],"collection":[{"href":"https:\/\/limage-et-le-livre.com\/en\/wp-json\/wp\/v2\/product"}],"about":[{"href":"https:\/\/limage-et-le-livre.com\/en\/wp-json\/wp\/v2\/types\/product"}],"version-history":[{"count":1,"href":"https:\/\/limage-et-le-livre.com\/en\/wp-json\/wp\/v2\/product\/25149\/revisions"}],"predecessor-version":[{"id":25182,"href":"https:\/\/limage-et-le-livre.com\/en\/wp-json\/wp\/v2\/product\/25149\/revisions\/25182"}],"wp:featuredmedia":[{"embeddable":true,"href":"https:\/\/limage-et-le-livre.com\/en\/wp-json\/wp\/v2\/media\/25150"}],"wp:attachment":[{"href":"https:\/\/limage-et-le-livre.com\/en\/wp-json\/wp\/v2\/media?parent=25149"}],"wp:term":[{"taxonomy":"product_brand","embeddable":true,"href":"https:\/\/limage-et-le-livre.com\/en\/wp-json\/wp\/v2\/product_brand?post=25149"},{"taxonomy":"product_cat","embeddable":true,"href":"https:\/\/limage-et-le-livre.com\/en\/wp-json\/wp\/v2\/product_cat?post=25149"},{"taxonomy":"product_tag","embeddable":true,"href":"https:\/\/limage-et-le-livre.com\/en\/wp-json\/wp\/v2\/product_tag?post=25149"}],"curies":[{"name":"wp","href":"https:\/\/api.w.org\/{rel}","templated":true}]}}